{"id":3826,"date":"2025-09-23T22:57:53","date_gmt":"2025-09-23T22:57:53","guid":{"rendered":"https:\/\/www.chargemount.de\/?page_id=3826"},"modified":"2025-09-24T00:27:54","modified_gmt":"2025-09-24T00:27:54","slug":"abl-em4-einseitig","status":"publish","type":"page","link":"https:\/\/www.chargemount.de\/en\/abl-em4-einseitig\/","title":{"rendered":"ABL eM4 einseitig"},"content":{"rendered":"<div data-elementor-type=\"wp-page\" data-elementor-id=\"3826\" class=\"elementor elementor-3826\" data-elementor-post-type=\"page\">\n\t\t\t\t<div class=\"elementor-element elementor-element-fd8ce9b e-flex e-con-boxed e-con e-parent\" data-id=\"fd8ce9b\" data-element_type=\"container\" data-e-type=\"container\">\n\t\t\t\t\t<div class=\"e-con-inner\">\n\t\t\t\t<div class=\"elementor-element elementor-element-3cb0a4c elementor-widget elementor-widget-image\" data-id=\"3cb0a4c\" data-element_type=\"widget\" data-e-type=\"widget\" data-widget_type=\"image.default\">\n\t\t\t\t<div class=\"elementor-widget-container\">\n\t\t\t\t\t\t\t\t\t\t\t\t\t\t\t<img fetchpriority=\"high\" decoding=\"async\" width=\"1535\" height=\"1063\" src=\"https:\/\/www.chargemount.de\/wp-content\/uploads\/2025\/07\/abl-single-einseitig.jpg\" class=\"attachment-full size-full wp-image-2096\" alt=\"\" srcset=\"https:\/\/www.chargemount.de\/wp-content\/uploads\/2025\/07\/abl-single-einseitig.jpg 1535w, https:\/\/www.chargemount.de\/wp-content\/uploads\/2025\/07\/abl-single-einseitig-600x416.jpg 600w, https:\/\/www.chargemount.de\/wp-content\/uploads\/2025\/07\/abl-single-einseitig-300x208.jpg 300w, https:\/\/www.chargemount.de\/wp-content\/uploads\/2025\/07\/abl-single-einseitig-1024x709.jpg 1024w, https:\/\/www.chargemount.de\/wp-content\/uploads\/2025\/07\/abl-single-einseitig-768x532.jpg 768w, https:\/\/www.chargemount.de\/wp-content\/uploads\/2025\/07\/abl-single-einseitig-18x12.jpg 18w\" sizes=\"(max-width: 1535px) 100vw, 1535px\" \/>\t\t\t\t\t\t\t\t\t\t\t\t\t\t\t<\/div>\n\t\t\t\t<\/div>\n\t\t\t\t\t<\/div>\n\t\t\t\t<\/div>\n\t\t<div class=\"elementor-element elementor-element-ddf656b e-flex e-con-boxed e-con e-child\" data-id=\"ddf656b\" data-element_type=\"container\" data-e-type=\"container\">\n\t\t\t\t\t<div class=\"e-con-inner\">\n\t\t<div class=\"elementor-element elementor-element-f5b7663 e-con-full e-flex e-con e-child\" data-id=\"f5b7663\" data-element_type=\"container\" data-e-type=\"container\">\n\t\t\t\t<div class=\"elementor-element elementor-element-79fcd25 elementor-widget__width-inherit elementor-widget elementor-widget-heading\" data-id=\"79fcd25\" data-element_type=\"widget\" data-e-type=\"widget\" data-widget_type=\"heading.default\">\n\t\t\t\t<div class=\"elementor-widget-container\">\n\t\t\t\t\t<h1 class=\"elementor-heading-title elementor-size-default\">Charge Mount<\/h1>\t\t\t\t<\/div>\n\t\t\t\t<\/div>\n\t\t\t\t<div class=\"elementor-element elementor-element-9732d51 elementor-widget elementor-widget-button\" data-id=\"9732d51\" data-element_type=\"widget\" data-e-type=\"widget\" data-widget_type=\"button.default\">\n\t\t\t\t<div class=\"elementor-widget-container\">\n\t\t\t\t\t\t\t\t\t<div class=\"elementor-button-wrapper\">\n\t\t\t\t\t<a class=\"elementor-button elementor-button-link elementor-size-sm\" href=\"https:\/\/www.chargemount.de\/en\/abl-em4-einseitig\/\">\n\t\t\t\t\t\t<span class=\"elementor-button-content-wrapper\">\n\t\t\t\t\t\t\t\t\t<span class=\"elementor-button-text\">for ABL eM4 single-sided<\/span>\n\t\t\t\t\t<\/span>\n\t\t\t\t\t<\/a>\n\t\t\t\t<\/div>\n\t\t\t\t\t\t\t\t<\/div>\n\t\t\t\t<\/div>\n\t\t\t\t<div class=\"elementor-element elementor-element-0fbcc8b elementor-widget elementor-widget-button\" data-id=\"0fbcc8b\" data-element_type=\"widget\" data-e-type=\"widget\" data-widget_type=\"button.default\">\n\t\t\t\t<div class=\"elementor-widget-container\">\n\t\t\t\t\t\t\t\t\t<div class=\"elementor-button-wrapper\">\n\t\t\t\t\t<a class=\"elementor-button elementor-button-link elementor-size-sm\" href=\"https:\/\/www.chargemount.de\/en\/abl-em4-b2b\/\">\n\t\t\t\t\t\t<span class=\"elementor-button-content-wrapper\">\n\t\t\t\t\t\t\t\t\t<span class=\"elementor-button-text\">for ABL eM4 Back 2 Back<\/span>\n\t\t\t\t\t<\/span>\n\t\t\t\t\t<\/a>\n\t\t\t\t<\/div>\n\t\t\t\t\t\t\t\t<\/div>\n\t\t\t\t<\/div>\n\t\t\t\t<\/div>\n\t\t\t\t<div class=\"elementor-element elementor-element-0fbdcdf elementor-widget__width-inherit elementor-widget elementor-widget-text-editor\" data-id=\"0fbdcdf\" data-element_type=\"widget\" data-e-type=\"widget\" data-widget_type=\"text-editor.default\">\n\t\t\t\t<div class=\"elementor-widget-container\">\n\t\t\t\t\t\t\t\t\t<p>Our <strong>Charge Mount<\/strong> for the <strong>ABL eM4 wall boxes<\/strong> is the ideal solution for the challenges posed by charging infrastructure in underground garages and parking structures. It was specially developed for locations where there are no load-bearing wall surfaces or where ceiling mounting is preferred for technical or aesthetic reasons.<\/p>\t\t\t\t\t\t\t\t<\/div>\n\t\t\t\t<\/div>\n\t\t\t\t\t<\/div>\n\t\t\t\t<\/div>\n\t\t<div class=\"elementor-element elementor-element-8f0ae1a e-flex e-con-boxed e-con e-parent\" data-id=\"8f0ae1a\" data-element_type=\"container\" data-e-type=\"container\">\n\t\t\t\t\t<div class=\"e-con-inner\">\n\t\t\t\t<div class=\"elementor-element elementor-element-a68f235 elementor-widget elementor-widget-n-accordion\" data-id=\"a68f235\" data-element_type=\"widget\" data-e-type=\"widget\" data-settings=\"{&quot;n_accordion_animation_duration&quot;:{&quot;unit&quot;:&quot;ms&quot;,&quot;size&quot;:200,&quot;sizes&quot;:[]},&quot;max_items_expended&quot;:&quot;multiple&quot;,&quot;default_state&quot;:&quot;expanded&quot;}\" data-widget_type=\"nested-accordion.default\">\n\t\t\t\t<div class=\"elementor-widget-container\">\n\t\t\t\t\t\t\t<div class=\"e-n-accordion\" aria-label=\"Accordion. Open links with Enter or Space, close with Escape, and navigate with Arrow Keys\">\n\t\t\t\t\t\t<details id=\"e-n-accordion-item-1740\" class=\"e-n-accordion-item\" open>\n\t\t\t\t<summary class=\"e-n-accordion-item-title\" data-accordion-index=\"1\" tabindex=\"0\" aria-expanded=\"true\" aria-controls=\"e-n-accordion-item-1740\" >\n\t\t\t\t\t<span class='e-n-accordion-item-title-header'><div class=\"e-n-accordion-item-title-text\"> Price <\/div><\/span>\n\t\t\t\t\t\t\t<span class='e-n-accordion-item-title-icon'>\n\t\t\t<span class='e-opened' ><svg aria-hidden=\"true\" class=\"e-font-icon-svg e-fas-minus\" viewbox=\"0 0 448 512\" xmlns=\"http:\/\/www.w3.org\/2000\/svg\"><path d=\"M416 208H32c-17.67 0-32 14.33-32 32v32c0 17.67 14.33 32 32 32h384c17.67 0 32-14.33 32-32v-32c0-17.67-14.33-32-32-32z\"><\/path><\/svg><\/span>\n\t\t\t<span class='e-closed'><svg aria-hidden=\"true\" class=\"e-font-icon-svg e-fas-plus\" viewbox=\"0 0 448 512\" xmlns=\"http:\/\/www.w3.org\/2000\/svg\"><path d=\"M416 208H272V64c0-17.67-14.33-32-32-32h-32c-17.67 0-32 14.33-32 32v144H32c-17.67 0-32 14.33-32 32v32c0 17.67 14.33 32 32 32h144v144c0 17.67 14.33 32 32 32h32c17.67 0 32-14.33 32-32V304h144c17.67 0 32-14.33 32-32v-32c0-17.67-14.33-32-32-32z\"><\/path><\/svg><\/span>\n\t\t<\/span>\n\n\t\t\t\t\t\t<\/summary>\n\t\t\t\t<div role=\"region\" aria-labelledby=\"e-n-accordion-item-1740\" class=\"elementor-element elementor-element-a49da9d e-con-full e-flex e-con e-child\" data-id=\"a49da9d\" data-element_type=\"container\" data-e-type=\"container\">\n\t\t\t\t<div class=\"elementor-element elementor-element-a978367 elementor-widget elementor-widget-text-editor\" data-id=\"a978367\" data-element_type=\"widget\" data-e-type=\"widget\" data-widget_type=\"text-editor.default\">\n\t\t\t\t<div class=\"elementor-widget-container\">\n\t\t\t\t\t\t\t\t\t<p>\u20ac540.00 \u2013 Volume discount available upon request<\/p>\t\t\t\t\t\t\t\t<\/div>\n\t\t\t\t<\/div>\n\t\t\t\t<\/div>\n\t\t\t\t\t<\/details>\n\t\t\t\t\t<\/div>\n\t\t\t\t\t\t<\/div>\n\t\t\t\t<\/div>\n\t\t\t\t\t<\/div>\n\t\t\t\t<\/div>\n\t\t<div class=\"elementor-element elementor-element-002009c e-flex e-con-boxed e-con e-parent\" data-id=\"002009c\" data-element_type=\"container\" data-e-type=\"container\">\n\t\t\t\t\t<div class=\"e-con-inner\">\n\t\t\t\t<div class=\"elementor-element elementor-element-38833ec elementor-widget elementor-widget-n-accordion\" data-id=\"38833ec\" data-element_type=\"widget\" data-e-type=\"widget\" data-settings=\"{&quot;n_accordion_animation_duration&quot;:{&quot;unit&quot;:&quot;ms&quot;,&quot;size&quot;:200,&quot;sizes&quot;:[]},&quot;max_items_expended&quot;:&quot;multiple&quot;,&quot;default_state&quot;:&quot;expanded&quot;}\" data-widget_type=\"nested-accordion.default\">\n\t\t\t\t<div class=\"elementor-widget-container\">\n\t\t\t\t\t\t\t<div class=\"e-n-accordion\" aria-label=\"Accordion. Open links with Enter or Space, close with Escape, and navigate with Arrow Keys\">\n\t\t\t\t\t\t<details id=\"e-n-accordion-item-5920\" class=\"e-n-accordion-item\" open>\n\t\t\t\t<summary class=\"e-n-accordion-item-title\" data-accordion-index=\"1\" tabindex=\"0\" aria-expanded=\"true\" aria-controls=\"e-n-accordion-item-5920\" >\n\t\t\t\t\t<span class='e-n-accordion-item-title-header'><div class=\"e-n-accordion-item-title-text\"> Scope of delivery\/product description <\/div><\/span>\n\t\t\t\t\t\t\t<span class='e-n-accordion-item-title-icon'>\n\t\t\t<span class='e-opened' ><svg aria-hidden=\"true\" class=\"e-font-icon-svg e-fas-minus\" viewbox=\"0 0 448 512\" xmlns=\"http:\/\/www.w3.org\/2000\/svg\"><path d=\"M416 208H32c-17.67 0-32 14.33-32 32v32c0 17.67 14.33 32 32 32h384c17.67 0 32-14.33 32-32v-32c0-17.67-14.33-32-32-32z\"><\/path><\/svg><\/span>\n\t\t\t<span class='e-closed'><svg aria-hidden=\"true\" class=\"e-font-icon-svg e-fas-plus\" viewbox=\"0 0 448 512\" xmlns=\"http:\/\/www.w3.org\/2000\/svg\"><path d=\"M416 208H272V64c0-17.67-14.33-32-32-32h-32c-17.67 0-32 14.33-32 32v144H32c-17.67 0-32 14.33-32 32v32c0 17.67 14.33 32 32 32h144v144c0 17.67 14.33 32 32 32h32c17.67 0 32-14.33 32-32V304h144c17.67 0 32-14.33 32-32v-32c0-17.67-14.33-32-32-32z\"><\/path><\/svg><\/span>\n\t\t<\/span>\n\n\t\t\t\t\t\t<\/summary>\n\t\t\t\t<div role=\"region\" aria-labelledby=\"e-n-accordion-item-5920\" class=\"elementor-element elementor-element-56e6a46 e-con-full e-flex e-con e-child\" data-id=\"56e6a46\" data-element_type=\"container\" data-e-type=\"container\">\n\t\t\t\t<div class=\"elementor-element elementor-element-7fdd194 elementor-widget elementor-widget-text-editor\" data-id=\"7fdd194\" data-element_type=\"widget\" data-e-type=\"widget\" data-widget_type=\"text-editor.default\">\n\t\t\t\t<div class=\"elementor-widget-container\">\n\t\t\t\t\t\t\t\t\t<h5><strong>Compatible with ABL eM4 Wallbox Single &amp; Twin<\/strong><\/h5><p>\u2981 Profile system with cover strips<br \/>\u2981 Internal cable routing<br \/>\u2981 Cable cover in the area of the wallbox inlet<br \/>\u2981 Made of steel<br \/>\u2981 Surface primed and powder-coated in RAL 7016<br \/>\u2981 Stainless steel screw connection and anchoring<br \/>\u2981 Ceiling height approx. 2400 mm<\/p>\t\t\t\t\t\t\t\t<\/div>\n\t\t\t\t<\/div>\n\t\t\t\t<\/div>\n\t\t\t\t\t<\/details>\n\t\t\t\t\t<\/div>\n\t\t\t\t\t\t<\/div>\n\t\t\t\t<\/div>\n\t\t\t\t\t<\/div>\n\t\t\t\t<\/div>\n\t\t<div class=\"elementor-element elementor-element-e6c2a7a e-flex e-con-boxed e-con e-child\" data-id=\"e6c2a7a\" data-element_type=\"container\" data-e-type=\"container\" data-settings=\"{&quot;background_background&quot;:&quot;classic&quot;}\">\n\t\t\t\t\t<div class=\"e-con-inner\">\n\t\t<div class=\"elementor-element elementor-element-b807377 e-con-full e-flex e-con e-child\" data-id=\"b807377\" data-element_type=\"container\" data-e-type=\"container\">\n\t\t\t\t<div class=\"elementor-element elementor-element-2d998a7 elementor-widget__width-inherit elementor-widget elementor-widget-heading\" data-id=\"2d998a7\" data-element_type=\"widget\" data-e-type=\"widget\" data-widget_type=\"heading.default\">\n\t\t\t\t<div class=\"elementor-widget-container\">\n\t\t\t\t\t<div class=\"elementor-heading-title elementor-size-default\">In-house production and development<\/div>\t\t\t\t<\/div>\n\t\t\t\t<\/div>\n\t\t\t\t<div class=\"elementor-element elementor-element-bae1544 elementor-widget elementor-widget-heading\" data-id=\"bae1544\" data-element_type=\"widget\" data-e-type=\"widget\" data-widget_type=\"heading.default\">\n\t\t\t\t<div class=\"elementor-widget-container\">\n\t\t\t\t\t<h2 class=\"elementor-heading-title elementor-size-default\">Thei\u00dfen Metallbau Innovative steel solutions<\/h2>\t\t\t\t<\/div>\n\t\t\t\t<\/div>\n\t\t\t\t<div class=\"elementor-element elementor-element-c754336 elementor-widget elementor-widget-text-editor\" data-id=\"c754336\" data-element_type=\"widget\" data-e-type=\"widget\" data-widget_type=\"text-editor.default\">\n\t\t\t\t<div class=\"elementor-widget-container\">\n\t\t\t\t\t\t\t\t\t<p><b>Thei\u00dfen Charge Mount stands for customized mounting systems for wallboxes in underground and multi-storey parking lots.<\/b> We develop and manufacture specialized ceiling suspensions when wall mounting reaches its limits - <b>Technically sophisticated, robustly constructed, uncompromising in quality.<\/b><\/p>\t\t\t\t\t\t\t\t<\/div>\n\t\t\t\t<\/div>\n\t\t\t\t<div class=\"elementor-element elementor-element-32854c5 elementor-widget elementor-widget-button\" data-id=\"32854c5\" data-element_type=\"widget\" data-e-type=\"widget\" data-widget_type=\"button.default\">\n\t\t\t\t<div class=\"elementor-widget-container\">\n\t\t\t\t\t\t\t\t\t<div class=\"elementor-button-wrapper\">\n\t\t\t\t\t<a class=\"elementor-button elementor-button-link elementor-size-sm\" href=\"https:\/\/www.chargemount.de\/en\/ueber-uns\/\">\n\t\t\t\t\t\t<span class=\"elementor-button-content-wrapper\">\n\t\t\t\t\t\t<span class=\"elementor-button-icon\">\n\t\t\t\t<svg aria-hidden=\"true\" class=\"e-font-icon-svg e-fas-arrow-right\" viewbox=\"0 0 448 512\" xmlns=\"http:\/\/www.w3.org\/2000\/svg\"><path d=\"M190.5 66.9l22.2-22.2c9.4-9.4 24.6-9.4 33.9 0L441 239c9.4 9.4 9.4 24.6 0 33.9L246.6 467.3c-9.4 9.4-24.6 9.4-33.9 0l-22.2-22.2c-9.5-9.5-9.3-25 .4-34.3L311.4 296H24c-13.3 0-24-10.7-24-24v-32c0-13.3 10.7-24 24-24h287.4L190.9 101.2c-9.8-9.3-10-24.8-.4-34.3z\"><\/path><\/svg>\t\t\t<\/span>\n\t\t\t\t\t\t\t\t\t<span class=\"elementor-button-text\">More about us<\/span>\n\t\t\t\t\t<\/span>\n\t\t\t\t\t<\/a>\n\t\t\t\t<\/div>\n\t\t\t\t\t\t\t\t<\/div>\n\t\t\t\t<\/div>\n\t\t\t\t<\/div>\n\t\t\t\t\t<\/div>\n\t\t\t\t<\/div>\n\t\t<div class=\"elementor-element elementor-element-f4fcd75 e-flex e-con-boxed e-con e-parent\" data-id=\"f4fcd75\" data-element_type=\"container\" data-e-type=\"container\">\n\t\t\t\t\t<div class=\"e-con-inner\">\n\t\t<div class=\"elementor-element elementor-element-3fc6aac e-con-full e-flex e-con e-child\" data-id=\"3fc6aac\" data-element_type=\"container\" data-e-type=\"container\">\n\t\t\t\t<div class=\"elementor-element elementor-element-217103b elementor-widget__width-inherit elementor-widget elementor-widget-heading\" data-id=\"217103b\" data-element_type=\"widget\" data-e-type=\"widget\" data-widget_type=\"heading.default\">\n\t\t\t\t<div class=\"elementor-widget-container\">\n\t\t\t\t\t<div class=\"elementor-heading-title elementor-size-default\">Thinking ahead<\/div>\t\t\t\t<\/div>\n\t\t\t\t<\/div>\n\t\t\t\t<div class=\"elementor-element elementor-element-39d69d8 elementor-widget__width-inherit elementor-widget elementor-widget-heading\" data-id=\"39d69d8\" data-element_type=\"widget\" data-e-type=\"widget\" data-widget_type=\"heading.default\">\n\t\t\t\t<div class=\"elementor-widget-container\">\n\t\t\t\t\t<h1 class=\"elementor-heading-title elementor-size-default\">Product features at a glance:<\/h1>\t\t\t\t<\/div>\n\t\t\t\t<\/div>\n\t\t\t\t<div class=\"elementor-element elementor-element-372570f elementor-widget__width-inherit elementor-widget elementor-widget-text-editor\" data-id=\"372570f\" data-element_type=\"widget\" data-e-type=\"widget\" data-widget_type=\"text-editor.default\">\n\t\t\t\t<div class=\"elementor-widget-container\">\n\t\t\t\t\t\t\t\t\t<p><br \/>&#8211; <b>Compatibility:<\/b> ABL em4 Single &amp; Twin<br \/>&#8211; <strong>Other<\/strong> <b>Variants:<\/b> Back-to-Back,\u00a0<br \/>&#8211; <b>Concealed cabling:<\/b> Elegant, protected cable routing without visible cables<br \/>&#8211; <b>Powder-coated steel construction:<\/b> Robust, durable, corrosion-resistant<br \/>&#8211; <b>Fasteners made of stainless steel:<\/b> stainless, resilient<\/p><p><b>Customized production possible - a system that adapts to your building project.<\/b><b><\/b><\/p><p><b>Ideal for operators, project developers and planners who value functionality, aesthetics and durability.<\/b><\/p>\t\t\t\t\t\t\t\t<\/div>\n\t\t\t\t<\/div>\n\t\t\t\t<\/div>\n\t\t\t\t\t<\/div>\n\t\t\t\t<\/div>\n\t\t<div class=\"elementor-element elementor-element-10cd429 e-flex e-con-boxed e-con e-parent\" data-id=\"10cd429\" data-element_type=\"container\" data-e-type=\"container\">\n\t\t\t\t\t<div class=\"e-con-inner\">\n\t\t\t\t<div class=\"elementor-element elementor-element-a9ad9e3 elementor-widget__width-inherit elementor-widget-tablet__width-inherit elementor-widget elementor-widget-image\" data-id=\"a9ad9e3\" data-element_type=\"widget\" data-e-type=\"widget\" data-widget_type=\"image.default\">\n\t\t\t\t<div class=\"elementor-widget-container\">\n\t\t\t\t\t\t\t\t\t\t\t\t\t\t\t<img decoding=\"async\" width=\"2048\" height=\"1536\" src=\"https:\/\/www.chargemount.de\/wp-content\/uploads\/2025\/09\/DSC07777.jpg\" class=\"attachment-full size-full wp-image-3151\" alt=\"montage Lades\u00e4ule\" srcset=\"https:\/\/www.chargemount.de\/wp-content\/uploads\/2025\/09\/DSC07777.jpg 2048w, https:\/\/www.chargemount.de\/wp-content\/uploads\/2025\/09\/DSC07777-300x225.jpg 300w, https:\/\/www.chargemount.de\/wp-content\/uploads\/2025\/09\/DSC07777-1024x768.jpg 1024w, https:\/\/www.chargemount.de\/wp-content\/uploads\/2025\/09\/DSC07777-768x576.jpg 768w, https:\/\/www.chargemount.de\/wp-content\/uploads\/2025\/09\/DSC07777-1536x1152.jpg 1536w, https:\/\/www.chargemount.de\/wp-content\/uploads\/2025\/09\/DSC07777-16x12.jpg 16w, https:\/\/www.chargemount.de\/wp-content\/uploads\/2025\/09\/DSC07777-600x450.jpg 600w\" sizes=\"(max-width: 2048px) 100vw, 2048px\" \/>\t\t\t\t\t\t\t\t\t\t\t\t\t\t\t<\/div>\n\t\t\t\t<\/div>\n\t\t<div class=\"elementor-element elementor-element-7860b12 e-con-full e-flex e-con e-child\" data-id=\"7860b12\" data-element_type=\"container\" data-e-type=\"container\">\n\t\t\t\t<div class=\"elementor-element elementor-element-e1f4252 elementor-widget elementor-widget-heading\" data-id=\"e1f4252\" data-element_type=\"widget\" data-e-type=\"widget\" data-widget_type=\"heading.default\">\n\t\t\t\t<div class=\"elementor-widget-container\">\n\t\t\t\t\t<h2 class=\"elementor-heading-title elementor-size-default\">Request a quote<\/h2>\t\t\t\t<\/div>\n\t\t\t\t<\/div>\n\t\t\t\t<div class=\"elementor-element elementor-element-1845f01 elementor-widget elementor-widget-text-editor\" data-id=\"1845f01\" data-element_type=\"widget\" data-e-type=\"widget\" data-widget_type=\"text-editor.default\">\n\t\t\t\t<div class=\"elementor-widget-container\">\n\t\t\t\t\t\t\t\t\t<p>We will provide you with a quote for the required design in the desired quantity.\u00a0<\/p>\t\t\t\t\t\t\t\t<\/div>\n\t\t\t\t<\/div>\n\t\t\t\t<div class=\"elementor-element elementor-element-f3bca4e elementor-widget elementor-widget-button\" data-id=\"f3bca4e\" data-element_type=\"widget\" data-e-type=\"widget\" data-widget_type=\"button.default\">\n\t\t\t\t<div class=\"elementor-widget-container\">\n\t\t\t\t\t\t\t\t\t<div class=\"elementor-button-wrapper\">\n\t\t\t\t\t<a class=\"elementor-button elementor-button-link elementor-size-sm elementor-animation-pop\" href=\"https:\/\/www.chargemount.de\/en\/kontakt\/\">\n\t\t\t\t\t\t<span class=\"elementor-button-content-wrapper\">\n\t\t\t\t\t\t\t\t\t<span class=\"elementor-button-text\">Jetzt anfordern<\/span>\n\t\t\t\t\t<\/span>\n\t\t\t\t\t<\/a>\n\t\t\t\t<\/div>\n\t\t\t\t\t\t\t\t<\/div>\n\t\t\t\t<\/div>\n\t\t\t\t<\/div>\n\t\t\t\t\t<\/div>\n\t\t\t\t<\/div>\n\t\t\t\t<\/div>","protected":false},"excerpt":{"rendered":"<p>Charge Mount f\u00fcr ABL eM4 einseitig f\u00fcr ABL eM4 Back 2 Back Unsere Deckenabh\u00e4ngung f\u00fcr die ABL eM4 Wallboxen ist die ideale L\u00f6sung f\u00fcr die Herausforderungen der Ladeinfrastruktur in Tiefgaragen und Parkh\u00e4usern. Sie wurde speziell f\u00fcr Einsatzorte entwickelt, an denen tragf\u00e4hige Wandfl\u00e4chen fehlen oder eine Deckenmontage technisch oder optisch bevorzugt wird. Preis 540,00 \u20ac &#8211; [&hellip;]<\/p>\n","protected":false},"author":2,"featured_media":0,"parent":0,"menu_order":0,"comment_status":"closed","ping_status":"closed","template":"","meta":{"footnotes":""},"class_list":["post-3826","page","type-page","status-publish","hentry"],"aioseo_notices":[],"_links":{"self":[{"href":"https:\/\/www.chargemount.de\/en\/wp-json\/wp\/v2\/pages\/3826","targetHints":{"allow":["GET"]}}],"collection":[{"href":"https:\/\/www.chargemount.de\/en\/wp-json\/wp\/v2\/pages"}],"about":[{"href":"https:\/\/www.chargemount.de\/en\/wp-json\/wp\/v2\/types\/page"}],"author":[{"embeddable":true,"href":"https:\/\/www.chargemount.de\/en\/wp-json\/wp\/v2\/users\/2"}],"replies":[{"embeddable":true,"href":"https:\/\/www.chargemount.de\/en\/wp-json\/wp\/v2\/comments?post=3826"}],"version-history":[{"count":25,"href":"https:\/\/www.chargemount.de\/en\/wp-json\/wp\/v2\/pages\/3826\/revisions"}],"predecessor-version":[{"id":3986,"href":"https:\/\/www.chargemount.de\/en\/wp-json\/wp\/v2\/pages\/3826\/revisions\/3986"}],"wp:attachment":[{"href":"https:\/\/www.chargemount.de\/en\/wp-json\/wp\/v2\/media?parent=3826"}],"curies":[{"name":"wp","href":"https:\/\/api.w.org\/{rel}","templated":true}]}}