{"id":1885,"date":"2025-07-27T18:01:38","date_gmt":"2025-07-27T18:01:38","guid":{"rendered":"https:\/\/www.chargemount.de\/?page_id=1885"},"modified":"2025-08-12T08:14:55","modified_gmt":"2025-08-12T08:14:55","slug":"faq","status":"publish","type":"page","link":"https:\/\/www.chargemount.de\/en\/faq\/","title":{"rendered":"FAQ"},"content":{"rendered":"<div data-elementor-type=\"wp-page\" data-elementor-id=\"1885\" class=\"elementor elementor-1885\" data-elementor-post-type=\"page\">\n\t\t\t\t<div class=\"elementor-element elementor-element-3d1348e e-flex e-con-boxed e-con e-parent\" data-id=\"3d1348e\" data-element_type=\"container\" data-e-type=\"container\">\n\t\t\t\t\t<div class=\"e-con-inner\">\n\t\t\t\t<div class=\"elementor-element elementor-element-bc9c47b elementor-widget__width-inherit elementor-widget elementor-widget-heading\" data-id=\"bc9c47b\" data-element_type=\"widget\" data-e-type=\"widget\" data-widget_type=\"heading.default\">\n\t\t\t\t<div class=\"elementor-widget-container\">\n\t\t\t\t\t<h2 class=\"elementor-heading-title elementor-size-default\">FAQs<\/h2>\t\t\t\t<\/div>\n\t\t\t\t<\/div>\n\t\t\t\t<div class=\"elementor-element elementor-element-f58eeae elementor-widget__width-initial elementor-widget-mobile__width-inherit elementor-widget elementor-widget-text-editor\" data-id=\"f58eeae\" data-element_type=\"widget\" data-e-type=\"widget\" data-widget_type=\"text-editor.default\">\n\t\t\t\t<div class=\"elementor-widget-container\">\n\t\t\t\t\t\t\t\t\t<p>Frequently asked questions at a glance<\/p>\t\t\t\t\t\t\t\t<\/div>\n\t\t\t\t<\/div>\n\t\t<div class=\"elementor-element elementor-element-5f1ea83 e-con-full e-flex e-con e-child\" data-id=\"5f1ea83\" data-element_type=\"container\" data-e-type=\"container\">\n\t\t\t\t<div class=\"elementor-element elementor-element-f367710 elementor-view-stacked elementor-widget__width-initial elementor-widget-mobile__width-inherit elementor-shape-circle elementor-position-block-start elementor-mobile-position-block-start elementor-widget elementor-widget-icon-box\" data-id=\"f367710\" data-element_type=\"widget\" data-e-type=\"widget\" data-widget_type=\"icon-box.default\">\n\t\t\t\t<div class=\"elementor-widget-container\">\n\t\t\t\t\t\t\t<div class=\"elementor-icon-box-wrapper\">\n\n\t\t\t\t\t\t<div class=\"elementor-icon-box-icon\">\n\t\t\t\t<span  class=\"elementor-icon\">\n\t\t\t\t<svg aria-hidden=\"true\" class=\"e-font-icon-svg e-fas-charging-station\" viewbox=\"0 0 576 512\" xmlns=\"http:\/\/www.w3.org\/2000\/svg\"><path d=\"M336 448H16c-8.84 0-16 7.16-16 16v32c0 8.84 7.16 16 16 16h320c8.84 0 16-7.16 16-16v-32c0-8.84-7.16-16-16-16zm208-320V80c0-8.84-7.16-16-16-16s-16 7.16-16 16v48h-32V80c0-8.84-7.16-16-16-16s-16 7.16-16 16v48h-16c-8.84 0-16 7.16-16 16v32c0 35.76 23.62 65.69 56 75.93v118.49c0 13.95-9.5 26.92-23.26 29.19C431.22 402.5 416 388.99 416 372v-28c0-48.6-39.4-88-88-88h-8V64c0-35.35-28.65-64-64-64H96C60.65 0 32 28.65 32 64v352h288V304h8c22.09 0 40 17.91 40 40v24.61c0 39.67 28.92 75.16 68.41 79.01C481.71 452.05 520 416.41 520 372V251.93c32.38-10.24 56-40.17 56-75.93v-32c0-8.84-7.16-16-16-16h-16zm-283.91 47.76l-93.7 139c-2.2 3.33-6.21 5.24-10.39 5.24-7.67 0-13.47-6.28-11.67-12.92L167.35 224H108c-7.25 0-12.85-5.59-11.89-11.89l16-107C112.9 99.9 117.98 96 124 96h68c7.88 0 13.62 6.54 11.6 13.21L192 160h57.7c9.24 0 15.01 8.78 10.39 15.76z\"><\/path><\/svg>\t\t\t\t<\/span>\n\t\t\t<\/div>\n\t\t\t\n\t\t\t\t\t\t<div class=\"elementor-icon-box-content\">\n\n\t\t\t\t\t\t\t\t\t<div class=\"elementor-icon-box-title\">\n\t\t\t\t\t\t<span  >\n\t\t\t\t\t\t\tWhich wall boxes are compatible with ceiling mounts?\t\t\t\t\t\t<\/span>\n\t\t\t\t\t<\/div>\n\t\t\t\t\n\t\t\t\t\t\t\t\t\t<p class=\"elementor-icon-box-description\">\n\t\t\t\t\t\tOur systems are specially designed for the installation of the following wall boxes:\n\nALFEN: EVE Single Pro Line, EVE Double Pro Line\nABL: em4 single, em4 twin\nWe are happy to check other models and manufacturers on an individual basis \u2013 please contact us.\t\t\t\t\t<\/p>\n\t\t\t\t\n\t\t\t<\/div>\n\t\t\t\n\t\t<\/div>\n\t\t\t\t\t\t<\/div>\n\t\t\t\t<\/div>\n\t\t\t\t<div class=\"elementor-element elementor-element-fbd815f elementor-view-stacked elementor-widget__width-initial elementor-widget-mobile__width-inherit elementor-shape-circle elementor-position-block-start elementor-mobile-position-block-start elementor-widget elementor-widget-icon-box\" data-id=\"fbd815f\" data-element_type=\"widget\" data-e-type=\"widget\" data-widget_type=\"icon-box.default\">\n\t\t\t\t<div class=\"elementor-widget-container\">\n\t\t\t\t\t\t\t<div class=\"elementor-icon-box-wrapper\">\n\n\t\t\t\t\t\t<div class=\"elementor-icon-box-icon\">\n\t\t\t\t<span  class=\"elementor-icon\">\n\t\t\t\t<svg aria-hidden=\"true\" class=\"e-font-icon-svg e-fas-charging-station\" viewbox=\"0 0 576 512\" xmlns=\"http:\/\/www.w3.org\/2000\/svg\"><path d=\"M336 448H16c-8.84 0-16 7.16-16 16v32c0 8.84 7.16 16 16 16h320c8.84 0 16-7.16 16-16v-32c0-8.84-7.16-16-16-16zm208-320V80c0-8.84-7.16-16-16-16s-16 7.16-16 16v48h-32V80c0-8.84-7.16-16-16-16s-16 7.16-16 16v48h-16c-8.84 0-16 7.16-16 16v32c0 35.76 23.62 65.69 56 75.93v118.49c0 13.95-9.5 26.92-23.26 29.19C431.22 402.5 416 388.99 416 372v-28c0-48.6-39.4-88-88-88h-8V64c0-35.35-28.65-64-64-64H96C60.65 0 32 28.65 32 64v352h288V304h8c22.09 0 40 17.91 40 40v24.61c0 39.67 28.92 75.16 68.41 79.01C481.71 452.05 520 416.41 520 372V251.93c32.38-10.24 56-40.17 56-75.93v-32c0-8.84-7.16-16-16-16h-16zm-283.91 47.76l-93.7 139c-2.2 3.33-6.21 5.24-10.39 5.24-7.67 0-13.47-6.28-11.67-12.92L167.35 224H108c-7.25 0-12.85-5.59-11.89-11.89l16-107C112.9 99.9 117.98 96 124 96h68c7.88 0 13.62 6.54 11.6 13.21L192 160h57.7c9.24 0 15.01 8.78 10.39 15.76z\"><\/path><\/svg>\t\t\t\t<\/span>\n\t\t\t<\/div>\n\t\t\t\n\t\t\t\t\t\t<div class=\"elementor-icon-box-content\">\n\n\t\t\t\t\t\t\t\t\t<div class=\"elementor-icon-box-title\">\n\t\t\t\t\t\t<span  >\n\t\t\t\t\t\t\tWhat variants are available?\t\t\t\t\t\t<\/span>\n\t\t\t\t\t<\/div>\n\t\t\t\t\n\t\t\t\t\t\t\t\t\t<p class=\"elementor-icon-box-description\">\n\t\t\t\t\t\tSingle-sided design\nBack-to-back mounting\nStele \u2013 freestanding solution with double design\nAll variants are height-adjustable and allow for concealed cable routing.\t\t\t\t\t<\/p>\n\t\t\t\t\n\t\t\t<\/div>\n\t\t\t\n\t\t<\/div>\n\t\t\t\t\t\t<\/div>\n\t\t\t\t<\/div>\n\t\t\t\t<div class=\"elementor-element elementor-element-8a0c247 elementor-view-stacked elementor-widget__width-initial elementor-widget-mobile__width-inherit elementor-shape-circle elementor-position-block-start elementor-mobile-position-block-start elementor-widget elementor-widget-icon-box\" data-id=\"8a0c247\" data-element_type=\"widget\" data-e-type=\"widget\" data-widget_type=\"icon-box.default\">\n\t\t\t\t<div class=\"elementor-widget-container\">\n\t\t\t\t\t\t\t<div class=\"elementor-icon-box-wrapper\">\n\n\t\t\t\t\t\t<div class=\"elementor-icon-box-icon\">\n\t\t\t\t<span  class=\"elementor-icon\">\n\t\t\t\t<svg aria-hidden=\"true\" class=\"e-font-icon-svg e-fas-charging-station\" viewbox=\"0 0 576 512\" xmlns=\"http:\/\/www.w3.org\/2000\/svg\"><path d=\"M336 448H16c-8.84 0-16 7.16-16 16v32c0 8.84 7.16 16 16 16h320c8.84 0 16-7.16 16-16v-32c0-8.84-7.16-16-16-16zm208-320V80c0-8.84-7.16-16-16-16s-16 7.16-16 16v48h-32V80c0-8.84-7.16-16-16-16s-16 7.16-16 16v48h-16c-8.84 0-16 7.16-16 16v32c0 35.76 23.62 65.69 56 75.93v118.49c0 13.95-9.5 26.92-23.26 29.19C431.22 402.5 416 388.99 416 372v-28c0-48.6-39.4-88-88-88h-8V64c0-35.35-28.65-64-64-64H96C60.65 0 32 28.65 32 64v352h288V304h8c22.09 0 40 17.91 40 40v24.61c0 39.67 28.92 75.16 68.41 79.01C481.71 452.05 520 416.41 520 372V251.93c32.38-10.24 56-40.17 56-75.93v-32c0-8.84-7.16-16-16-16h-16zm-283.91 47.76l-93.7 139c-2.2 3.33-6.21 5.24-10.39 5.24-7.67 0-13.47-6.28-11.67-12.92L167.35 224H108c-7.25 0-12.85-5.59-11.89-11.89l16-107C112.9 99.9 117.98 96 124 96h68c7.88 0 13.62 6.54 11.6 13.21L192 160h57.7c9.24 0 15.01 8.78 10.39 15.76z\"><\/path><\/svg>\t\t\t\t<\/span>\n\t\t\t<\/div>\n\t\t\t\n\t\t\t\t\t\t<div class=\"elementor-icon-box-content\">\n\n\t\t\t\t\t\t\t\t\t<div class=\"elementor-icon-box-title\">\n\t\t\t\t\t\t<span  >\n\t\t\t\t\t\t\tHow is the cabling arranged?\t\t\t\t\t\t<\/span>\n\t\t\t\t\t<\/div>\n\t\t\t\t\n\t\t\t\t\t\t\t\t\t<p class=\"elementor-icon-box-description\">\n\t\t\t\t\t\tThe cables are completely concealed within the structure. This keeps the charging infrastructure visually clean and protected from external influences.\t\t\t\t\t<\/p>\n\t\t\t\t\n\t\t\t<\/div>\n\t\t\t\n\t\t<\/div>\n\t\t\t\t\t\t<\/div>\n\t\t\t\t<\/div>\n\t\t\t\t<div class=\"elementor-element elementor-element-99e48f4 elementor-view-stacked elementor-widget__width-initial elementor-widget-mobile__width-inherit elementor-shape-circle elementor-position-block-start elementor-mobile-position-block-start elementor-widget elementor-widget-icon-box\" data-id=\"99e48f4\" data-element_type=\"widget\" data-e-type=\"widget\" data-widget_type=\"icon-box.default\">\n\t\t\t\t<div class=\"elementor-widget-container\">\n\t\t\t\t\t\t\t<div class=\"elementor-icon-box-wrapper\">\n\n\t\t\t\t\t\t<div class=\"elementor-icon-box-icon\">\n\t\t\t\t<span  class=\"elementor-icon\">\n\t\t\t\t<svg aria-hidden=\"true\" class=\"e-font-icon-svg e-fas-charging-station\" viewbox=\"0 0 576 512\" xmlns=\"http:\/\/www.w3.org\/2000\/svg\"><path d=\"M336 448H16c-8.84 0-16 7.16-16 16v32c0 8.84 7.16 16 16 16h320c8.84 0 16-7.16 16-16v-32c0-8.84-7.16-16-16-16zm208-320V80c0-8.84-7.16-16-16-16s-16 7.16-16 16v48h-32V80c0-8.84-7.16-16-16-16s-16 7.16-16 16v48h-16c-8.84 0-16 7.16-16 16v32c0 35.76 23.62 65.69 56 75.93v118.49c0 13.95-9.5 26.92-23.26 29.19C431.22 402.5 416 388.99 416 372v-28c0-48.6-39.4-88-88-88h-8V64c0-35.35-28.65-64-64-64H96C60.65 0 32 28.65 32 64v352h288V304h8c22.09 0 40 17.91 40 40v24.61c0 39.67 28.92 75.16 68.41 79.01C481.71 452.05 520 416.41 520 372V251.93c32.38-10.24 56-40.17 56-75.93v-32c0-8.84-7.16-16-16-16h-16zm-283.91 47.76l-93.7 139c-2.2 3.33-6.21 5.24-10.39 5.24-7.67 0-13.47-6.28-11.67-12.92L167.35 224H108c-7.25 0-12.85-5.59-11.89-11.89l16-107C112.9 99.9 117.98 96 124 96h68c7.88 0 13.62 6.54 11.6 13.21L192 160h57.7c9.24 0 15.01 8.78 10.39 15.76z\"><\/path><\/svg>\t\t\t\t<\/span>\n\t\t\t<\/div>\n\t\t\t\n\t\t\t\t\t\t<div class=\"elementor-icon-box-content\">\n\n\t\t\t\t\t\t\t\t\t<div class=\"elementor-icon-box-title\">\n\t\t\t\t\t\t<span  >\n\t\t\t\t\t\t\tWhat is the load-bearing capacity of the structure?\t\t\t\t\t\t<\/span>\n\t\t\t\t\t<\/div>\n\t\t\t\t\n\t\t\t\t\t\t\t\t\t<p class=\"elementor-icon-box-description\">\n\t\t\t\t\t\tOur ceiling suspensions are designed for permanent loads. Detailed load capacities and technical data are available on request or in the download area.\t\t\t\t\t<\/p>\n\t\t\t\t\n\t\t\t<\/div>\n\t\t\t\n\t\t<\/div>\n\t\t\t\t\t\t<\/div>\n\t\t\t\t<\/div>\n\t\t\t\t<div class=\"elementor-element elementor-element-3d7a996 elementor-view-stacked elementor-widget__width-initial elementor-widget-mobile__width-inherit elementor-shape-circle elementor-position-block-start elementor-mobile-position-block-start elementor-widget elementor-widget-icon-box\" data-id=\"3d7a996\" data-element_type=\"widget\" data-e-type=\"widget\" data-widget_type=\"icon-box.default\">\n\t\t\t\t<div class=\"elementor-widget-container\">\n\t\t\t\t\t\t\t<div class=\"elementor-icon-box-wrapper\">\n\n\t\t\t\t\t\t<div class=\"elementor-icon-box-icon\">\n\t\t\t\t<span  class=\"elementor-icon\">\n\t\t\t\t<svg aria-hidden=\"true\" class=\"e-font-icon-svg e-fas-charging-station\" viewbox=\"0 0 576 512\" xmlns=\"http:\/\/www.w3.org\/2000\/svg\"><path d=\"M336 448H16c-8.84 0-16 7.16-16 16v32c0 8.84 7.16 16 16 16h320c8.84 0 16-7.16 16-16v-32c0-8.84-7.16-16-16-16zm208-320V80c0-8.84-7.16-16-16-16s-16 7.16-16 16v48h-32V80c0-8.84-7.16-16-16-16s-16 7.16-16 16v48h-16c-8.84 0-16 7.16-16 16v32c0 35.76 23.62 65.69 56 75.93v118.49c0 13.95-9.5 26.92-23.26 29.19C431.22 402.5 416 388.99 416 372v-28c0-48.6-39.4-88-88-88h-8V64c0-35.35-28.65-64-64-64H96C60.65 0 32 28.65 32 64v352h288V304h8c22.09 0 40 17.91 40 40v24.61c0 39.67 28.92 75.16 68.41 79.01C481.71 452.05 520 416.41 520 372V251.93c32.38-10.24 56-40.17 56-75.93v-32c0-8.84-7.16-16-16-16h-16zm-283.91 47.76l-93.7 139c-2.2 3.33-6.21 5.24-10.39 5.24-7.67 0-13.47-6.28-11.67-12.92L167.35 224H108c-7.25 0-12.85-5.59-11.89-11.89l16-107C112.9 99.9 117.98 96 124 96h68c7.88 0 13.62 6.54 11.6 13.21L192 160h57.7c9.24 0 15.01 8.78 10.39 15.76z\"><\/path><\/svg>\t\t\t\t<\/span>\n\t\t\t<\/div>\n\t\t\t\n\t\t\t\t\t\t<div class=\"elementor-icon-box-content\">\n\n\t\t\t\t\t\t\t\t\t<div class=\"elementor-icon-box-title\">\n\t\t\t\t\t\t<span  >\n\t\t\t\t\t\t\tWhat materials are used?\t\t\t\t\t\t<\/span>\n\t\t\t\t\t<\/div>\n\t\t\t\t\n\t\t\t\t\t\t\t\t\t<p class=\"elementor-icon-box-description\">\n\t\t\t\t\t\tConstruction: Powder-coated high-quality steel\nFastening materials: Stainless steel (rustproof)\nOptional: Special coatings or color matching according to customer requirements\t\t\t\t\t<\/p>\n\t\t\t\t\n\t\t\t<\/div>\n\t\t\t\n\t\t<\/div>\n\t\t\t\t\t\t<\/div>\n\t\t\t\t<\/div>\n\t\t\t\t<div class=\"elementor-element elementor-element-43fa0d6 elementor-view-stacked elementor-widget__width-initial elementor-widget-mobile__width-inherit elementor-shape-circle elementor-position-block-start elementor-mobile-position-block-start elementor-widget elementor-widget-icon-box\" data-id=\"43fa0d6\" data-element_type=\"widget\" data-e-type=\"widget\" data-widget_type=\"icon-box.default\">\n\t\t\t\t<div class=\"elementor-widget-container\">\n\t\t\t\t\t\t\t<div class=\"elementor-icon-box-wrapper\">\n\n\t\t\t\t\t\t<div class=\"elementor-icon-box-icon\">\n\t\t\t\t<span  class=\"elementor-icon\">\n\t\t\t\t<svg aria-hidden=\"true\" class=\"e-font-icon-svg e-fas-charging-station\" viewbox=\"0 0 576 512\" xmlns=\"http:\/\/www.w3.org\/2000\/svg\"><path d=\"M336 448H16c-8.84 0-16 7.16-16 16v32c0 8.84 7.16 16 16 16h320c8.84 0 16-7.16 16-16v-32c0-8.84-7.16-16-16-16zm208-320V80c0-8.84-7.16-16-16-16s-16 7.16-16 16v48h-32V80c0-8.84-7.16-16-16-16s-16 7.16-16 16v48h-16c-8.84 0-16 7.16-16 16v32c0 35.76 23.62 65.69 56 75.93v118.49c0 13.95-9.5 26.92-23.26 29.19C431.22 402.5 416 388.99 416 372v-28c0-48.6-39.4-88-88-88h-8V64c0-35.35-28.65-64-64-64H96C60.65 0 32 28.65 32 64v352h288V304h8c22.09 0 40 17.91 40 40v24.61c0 39.67 28.92 75.16 68.41 79.01C481.71 452.05 520 416.41 520 372V251.93c32.38-10.24 56-40.17 56-75.93v-32c0-8.84-7.16-16-16-16h-16zm-283.91 47.76l-93.7 139c-2.2 3.33-6.21 5.24-10.39 5.24-7.67 0-13.47-6.28-11.67-12.92L167.35 224H108c-7.25 0-12.85-5.59-11.89-11.89l16-107C112.9 99.9 117.98 96 124 96h68c7.88 0 13.62 6.54 11.6 13.21L192 160h57.7c9.24 0 15.01 8.78 10.39 15.76z\"><\/path><\/svg>\t\t\t\t<\/span>\n\t\t\t<\/div>\n\t\t\t\n\t\t\t\t\t\t<div class=\"elementor-icon-box-content\">\n\n\t\t\t\t\t\t\t\t\t<div class=\"elementor-icon-box-title\">\n\t\t\t\t\t\t<span  >\n\t\t\t\t\t\t\tAre custom-made products possible?\t\t\t\t\t\t<\/span>\n\t\t\t\t\t<\/div>\n\t\t\t\t\n\t\t\t\t\t\t\t\t\t<p class=\"elementor-icon-box-description\">\n\t\t\t\t\t\tYes. We manufacture all systems tailor-made to customer requirements. We implement special dimensions, color adjustments, or special requirements in close consultation with your planning team.\t\t\t\t\t<\/p>\n\t\t\t\t\n\t\t\t<\/div>\n\t\t\t\n\t\t<\/div>\n\t\t\t\t\t\t<\/div>\n\t\t\t\t<\/div>\n\t\t\t\t<div class=\"elementor-element elementor-element-4c6dd43 elementor-view-stacked elementor-widget__width-initial elementor-widget-mobile__width-inherit elementor-shape-circle elementor-position-block-start elementor-mobile-position-block-start elementor-widget elementor-widget-icon-box\" data-id=\"4c6dd43\" data-element_type=\"widget\" data-e-type=\"widget\" data-widget_type=\"icon-box.default\">\n\t\t\t\t<div class=\"elementor-widget-container\">\n\t\t\t\t\t\t\t<div class=\"elementor-icon-box-wrapper\">\n\n\t\t\t\t\t\t<div class=\"elementor-icon-box-icon\">\n\t\t\t\t<span  class=\"elementor-icon\">\n\t\t\t\t<svg aria-hidden=\"true\" class=\"e-font-icon-svg e-fas-charging-station\" viewbox=\"0 0 576 512\" xmlns=\"http:\/\/www.w3.org\/2000\/svg\"><path d=\"M336 448H16c-8.84 0-16 7.16-16 16v32c0 8.84 7.16 16 16 16h320c8.84 0 16-7.16 16-16v-32c0-8.84-7.16-16-16-16zm208-320V80c0-8.84-7.16-16-16-16s-16 7.16-16 16v48h-32V80c0-8.84-7.16-16-16-16s-16 7.16-16 16v48h-16c-8.84 0-16 7.16-16 16v32c0 35.76 23.62 65.69 56 75.93v118.49c0 13.95-9.5 26.92-23.26 29.19C431.22 402.5 416 388.99 416 372v-28c0-48.6-39.4-88-88-88h-8V64c0-35.35-28.65-64-64-64H96C60.65 0 32 28.65 32 64v352h288V304h8c22.09 0 40 17.91 40 40v24.61c0 39.67 28.92 75.16 68.41 79.01C481.71 452.05 520 416.41 520 372V251.93c32.38-10.24 56-40.17 56-75.93v-32c0-8.84-7.16-16-16-16h-16zm-283.91 47.76l-93.7 139c-2.2 3.33-6.21 5.24-10.39 5.24-7.67 0-13.47-6.28-11.67-12.92L167.35 224H108c-7.25 0-12.85-5.59-11.89-11.89l16-107C112.9 99.9 117.98 96 124 96h68c7.88 0 13.62 6.54 11.6 13.21L192 160h57.7c9.24 0 15.01 8.78 10.39 15.76z\"><\/path><\/svg>\t\t\t\t<\/span>\n\t\t\t<\/div>\n\t\t\t\n\t\t\t\t\t\t<div class=\"elementor-icon-box-content\">\n\n\t\t\t\t\t\t\t\t\t<div class=\"elementor-icon-box-title\">\n\t\t\t\t\t\t<span  >\n\t\t\t\t\t\t\tAre there bulk discounts for larger purchase quantities?\t\t\t\t\t\t<\/span>\n\t\t\t\t\t<\/div>\n\t\t\t\t\n\t\t\t\t\t\t\t\t\t<p class=\"elementor-icon-box-description\">\n\t\t\t\t\t\tYes. Please feel free to request your desired quantity. Details can be found in our offer.\t\t\t\t\t<\/p>\n\t\t\t\t\n\t\t\t<\/div>\n\t\t\t\n\t\t<\/div>\n\t\t\t\t\t\t<\/div>\n\t\t\t\t<\/div>\n\t\t\t\t<div class=\"elementor-element elementor-element-8afdfbf elementor-view-stacked elementor-widget__width-initial elementor-widget-mobile__width-inherit elementor-shape-circle elementor-position-block-start elementor-mobile-position-block-start elementor-widget elementor-widget-icon-box\" data-id=\"8afdfbf\" data-element_type=\"widget\" data-e-type=\"widget\" data-widget_type=\"icon-box.default\">\n\t\t\t\t<div class=\"elementor-widget-container\">\n\t\t\t\t\t\t\t<div class=\"elementor-icon-box-wrapper\">\n\n\t\t\t\t\t\t<div class=\"elementor-icon-box-icon\">\n\t\t\t\t<span  class=\"elementor-icon\">\n\t\t\t\t<svg aria-hidden=\"true\" class=\"e-font-icon-svg e-fas-charging-station\" viewbox=\"0 0 576 512\" xmlns=\"http:\/\/www.w3.org\/2000\/svg\"><path d=\"M336 448H16c-8.84 0-16 7.16-16 16v32c0 8.84 7.16 16 16 16h320c8.84 0 16-7.16 16-16v-32c0-8.84-7.16-16-16-16zm208-320V80c0-8.84-7.16-16-16-16s-16 7.16-16 16v48h-32V80c0-8.84-7.16-16-16-16s-16 7.16-16 16v48h-16c-8.84 0-16 7.16-16 16v32c0 35.76 23.62 65.69 56 75.93v118.49c0 13.95-9.5 26.92-23.26 29.19C431.22 402.5 416 388.99 416 372v-28c0-48.6-39.4-88-88-88h-8V64c0-35.35-28.65-64-64-64H96C60.65 0 32 28.65 32 64v352h288V304h8c22.09 0 40 17.91 40 40v24.61c0 39.67 28.92 75.16 68.41 79.01C481.71 452.05 520 416.41 520 372V251.93c32.38-10.24 56-40.17 56-75.93v-32c0-8.84-7.16-16-16-16h-16zm-283.91 47.76l-93.7 139c-2.2 3.33-6.21 5.24-10.39 5.24-7.67 0-13.47-6.28-11.67-12.92L167.35 224H108c-7.25 0-12.85-5.59-11.89-11.89l16-107C112.9 99.9 117.98 96 124 96h68c7.88 0 13.62 6.54 11.6 13.21L192 160h57.7c9.24 0 15.01 8.78 10.39 15.76z\"><\/path><\/svg>\t\t\t\t<\/span>\n\t\t\t<\/div>\n\t\t\t\n\t\t\t\t\t\t<div class=\"elementor-icon-box-content\">\n\n\t\t\t\t\t\t\t\t\t<div class=\"elementor-icon-box-title\">\n\t\t\t\t\t\t<span  >\n\t\t\t\t\t\t\tCan the systems also be used outdoors?\t\t\t\t\t\t<\/span>\n\t\t\t\t\t<\/div>\n\t\t\t\t\n\t\t\t\t\t\t\t\t\t<p class=\"elementor-icon-box-description\">\n\t\t\t\t\t\tOur systems are generally designed for underground garages and protected parking areas. We offer weather-resistant special solutions for outdoor use\u2014please contact us for more information.\t\t\t\t\t<\/p>\n\t\t\t\t\n\t\t\t<\/div>\n\t\t\t\n\t\t<\/div>\n\t\t\t\t\t\t<\/div>\n\t\t\t\t<\/div>\n\t\t\t\t<div class=\"elementor-element elementor-element-e8e8e46 elementor-view-stacked elementor-widget__width-initial elementor-widget-mobile__width-inherit elementor-shape-circle elementor-position-block-start elementor-mobile-position-block-start elementor-widget elementor-widget-icon-box\" data-id=\"e8e8e46\" data-element_type=\"widget\" data-e-type=\"widget\" data-widget_type=\"icon-box.default\">\n\t\t\t\t<div class=\"elementor-widget-container\">\n\t\t\t\t\t\t\t<div class=\"elementor-icon-box-wrapper\">\n\n\t\t\t\t\t\t<div class=\"elementor-icon-box-icon\">\n\t\t\t\t<span  class=\"elementor-icon\">\n\t\t\t\t<svg aria-hidden=\"true\" class=\"e-font-icon-svg e-fas-charging-station\" viewbox=\"0 0 576 512\" xmlns=\"http:\/\/www.w3.org\/2000\/svg\"><path d=\"M336 448H16c-8.84 0-16 7.16-16 16v32c0 8.84 7.16 16 16 16h320c8.84 0 16-7.16 16-16v-32c0-8.84-7.16-16-16-16zm208-320V80c0-8.84-7.16-16-16-16s-16 7.16-16 16v48h-32V80c0-8.84-7.16-16-16-16s-16 7.16-16 16v48h-16c-8.84 0-16 7.16-16 16v32c0 35.76 23.62 65.69 56 75.93v118.49c0 13.95-9.5 26.92-23.26 29.19C431.22 402.5 416 388.99 416 372v-28c0-48.6-39.4-88-88-88h-8V64c0-35.35-28.65-64-64-64H96C60.65 0 32 28.65 32 64v352h288V304h8c22.09 0 40 17.91 40 40v24.61c0 39.67 28.92 75.16 68.41 79.01C481.71 452.05 520 416.41 520 372V251.93c32.38-10.24 56-40.17 56-75.93v-32c0-8.84-7.16-16-16-16h-16zm-283.91 47.76l-93.7 139c-2.2 3.33-6.21 5.24-10.39 5.24-7.67 0-13.47-6.28-11.67-12.92L167.35 224H108c-7.25 0-12.85-5.59-11.89-11.89l16-107C112.9 99.9 117.98 96 124 96h68c7.88 0 13.62 6.54 11.6 13.21L192 160h57.7c9.24 0 15.01 8.78 10.39 15.76z\"><\/path><\/svg>\t\t\t\t<\/span>\n\t\t\t<\/div>\n\t\t\t\n\t\t\t\t\t\t<div class=\"elementor-icon-box-content\">\n\n\t\t\t\t\t\t\t\t\t<div class=\"elementor-icon-box-title\">\n\t\t\t\t\t\t<span  >\n\t\t\t\t\t\t\tAre your systems certified?\t\t\t\t\t\t<\/span>\n\t\t\t\t\t<\/div>\n\t\t\t\t\n\t\t\t\t\t\t\t\t\t<p class=\"elementor-icon-box-description\">\n\t\t\t\t\t\tYes. Our designs are certified according to DIN EN 1090 EXC2 \u2013 this applies to load-bearing capacity, manufacturing quality, and material usage.\t\t\t\t\t<\/p>\n\t\t\t\t\n\t\t\t<\/div>\n\t\t\t\n\t\t<\/div>\n\t\t\t\t\t\t<\/div>\n\t\t\t\t<\/div>\n\t\t\t\t<\/div>\n\t\t\t\t<div class=\"elementor-element elementor-element-b7dbb86 elementor-widget__width-inherit elementor-widget elementor-widget-heading\" data-id=\"b7dbb86\" data-element_type=\"widget\" data-e-type=\"widget\" data-widget_type=\"heading.default\">\n\t\t\t\t<div class=\"elementor-widget-container\">\n\t\t\t\t\t<h4 class=\"elementor-heading-title elementor-size-default\">Do you have any further questions?<\/h4>\t\t\t\t<\/div>\n\t\t\t\t<\/div>\n\t\t\t\t<div class=\"elementor-element elementor-element-b1220ad elementor-widget__width-inherit elementor-widget elementor-widget-text-editor\" data-id=\"b1220ad\" data-element_type=\"widget\" data-e-type=\"widget\" data-widget_type=\"text-editor.default\">\n\t\t\t\t<div class=\"elementor-widget-container\">\n\t\t\t\t\t\t\t\t\t<p>Please feel free to contact us.<\/p>\t\t\t\t\t\t\t\t<\/div>\n\t\t\t\t<\/div>\n\t\t\t\t<div class=\"elementor-element elementor-element-c6316ca elementor-widget elementor-widget-button\" data-id=\"c6316ca\" data-element_type=\"widget\" data-e-type=\"widget\" data-widget_type=\"button.default\">\n\t\t\t\t<div class=\"elementor-widget-container\">\n\t\t\t\t\t\t\t\t\t<div class=\"elementor-button-wrapper\">\n\t\t\t\t\t<a class=\"elementor-button elementor-button-link elementor-size-sm\" href=\"https:\/\/www.chargemount.de\/en\/kontakt\/\">\n\t\t\t\t\t\t<span class=\"elementor-button-content-wrapper\">\n\t\t\t\t\t\t\t\t\t<span class=\"elementor-button-text\">Contact us<\/span>\n\t\t\t\t\t<\/span>\n\t\t\t\t\t<\/a>\n\t\t\t\t<\/div>\n\t\t\t\t\t\t\t\t<\/div>\n\t\t\t\t<\/div>\n\t\t\t\t\t<\/div>\n\t\t\t\t<\/div>\n\t\t\t\t<\/div>","protected":false},"excerpt":{"rendered":"<p>FAQs H\u00e4ufig gestellte Fragen im \u00dcberblick Welche Wallboxen sind mit den Deckenabh\u00e4ngungen kompatibel? Unsere Systeme sind speziell f\u00fcr die Montage folgender Wallboxen konzipiert: ALFEN: EVE Single Pro Line, EVE Double Pro Line ABL: em4 single, em4 twin Weitere Modelle und Hersteller pr\u00fcfen wir gerne individuell \u2013 sprechen Sie uns an. Welche Varianten gibt es? Einseitige [&hellip;]<\/p>\n","protected":false},"author":2,"featured_media":0,"parent":0,"menu_order":0,"comment_status":"closed","ping_status":"closed","template":"","meta":{"footnotes":""},"class_list":["post-1885","page","type-page","status-publish","hentry"],"aioseo_notices":[],"_links":{"self":[{"href":"https:\/\/www.chargemount.de\/en\/wp-json\/wp\/v2\/pages\/1885","targetHints":{"allow":["GET"]}}],"collection":[{"href":"https:\/\/www.chargemount.de\/en\/wp-json\/wp\/v2\/pages"}],"about":[{"href":"https:\/\/www.chargemount.de\/en\/wp-json\/wp\/v2\/types\/page"}],"author":[{"embeddable":true,"href":"https:\/\/www.chargemount.de\/en\/wp-json\/wp\/v2\/users\/2"}],"replies":[{"embeddable":true,"href":"https:\/\/www.chargemount.de\/en\/wp-json\/wp\/v2\/comments?post=1885"}],"version-history":[{"count":10,"href":"https:\/\/www.chargemount.de\/en\/wp-json\/wp\/v2\/pages\/1885\/revisions"}],"predecessor-version":[{"id":2485,"href":"https:\/\/www.chargemount.de\/en\/wp-json\/wp\/v2\/pages\/1885\/revisions\/2485"}],"wp:attachment":[{"href":"https:\/\/www.chargemount.de\/en\/wp-json\/wp\/v2\/media?parent=1885"}],"curies":[{"name":"wp","href":"https:\/\/api.w.org\/{rel}","templated":true}]}}