{"id":1880,"date":"2025-06-22T14:22:02","date_gmt":"2025-06-22T14:22:02","guid":{"rendered":"https:\/\/www.chargemount.de\/?page_id=1880"},"modified":"2025-10-04T20:25:34","modified_gmt":"2025-10-04T20:25:34","slug":"datenschutz","status":"publish","type":"page","link":"https:\/\/www.chargemount.de\/en\/datenschutz\/","title":{"rendered":"Privacy policy"},"content":{"rendered":"<div data-elementor-type=\"wp-page\" data-elementor-id=\"1880\" class=\"elementor elementor-1880\" data-elementor-post-type=\"page\">\n\t\t\t\t<div class=\"elementor-element elementor-element-1fabfb6 e-flex e-con-boxed e-con e-parent\" data-id=\"1fabfb6\" data-element_type=\"container\" data-e-type=\"container\">\n\t\t\t\t\t<div class=\"e-con-inner\">\n\t\t<div class=\"elementor-element elementor-element-7a651cf e-con-full e-flex e-con e-child\" data-id=\"7a651cf\" data-element_type=\"container\" data-e-type=\"container\">\n\t\t\t\t<div class=\"elementor-element elementor-element-16419d0 elementor-widget elementor-widget-text-editor\" data-id=\"16419d0\" data-element_type=\"widget\" data-e-type=\"widget\" data-widget_type=\"text-editor.default\">\n\t\t\t\t<div class=\"elementor-widget-container\">\n\t\t\t\t\t\t\t\t\t<h2 data-start=\"206\" data-end=\"233\"><strong data-start=\"209\" data-end=\"233\">Privacy policy<\/strong><\/h2><h4 data-start=\"456\" data-end=\"485\">1. Allgemeine Hinweise<\/h4><p data-start=\"486\" data-end=\"709\">Der Schutz Ihrer personenbezogenen Daten ist uns ein besonderes Anliegen. Wir behandeln Ihre personenbezogenen Daten vertraulich und entsprechend der gesetzlichen Datenschutzvorschriften sowie dieser Datenschutzerkl\u00e4rung.<\/p><p data-start=\"711\" data-end=\"939\">Die Nutzung unserer Webseite ist in der Regel ohne Angabe personenbezogener Daten m\u00f6glich. Soweit auf unseren Seiten personenbezogene Daten erhoben werden (z.\u202fB. \u00fcber Kontaktformulare), erfolgt dies stets auf freiwilliger Basis.<\/p><h4 data-start=\"941\" data-end=\"986\">2. Verantwortlicher im Sinne der DSGVO<\/h4><p data-start=\"987\" data-end=\"1052\">Verantwortlich f\u00fcr die Datenverarbeitung auf dieser Webseite ist:<\/p><p data-start=\"1054\" data-end=\"1140\"><strong data-start=\"188\" data-end=\"214\">Thei\u00dfen Metallbau GmbH<\/strong><br data-start=\"214\" data-end=\"217\" \/>D\u00fcsseldorfer Stra\u00dfe 100<br data-start=\"240\" data-end=\"243\" \/>47809 Krefeld<br data-start=\"256\" data-end=\"259\" \/>Deutschland<br data-start=\"1110\" data-end=\"1113\" \/>E-Mail: chargemount@theissen.com<\/p><h4 data-start=\"1142\" data-end=\"1159\">3. Hosting<\/h4><p data-start=\"1160\" data-end=\"1448\">Unsere Webseite wird bei <strong data-start=\"1185\" data-end=\"1223\">ALL-INKL.COM \u2013 Neue Medien M\u00fcnnich<\/strong> (Hauptstra\u00dfe 68, 02742 Friedersdorf, Deutschland) gehostet. Bei jedem Aufruf der Webseite werden automatisch Informationen erfasst und in Server-Logfiles gespeichert, die Ihr Browser automatisch \u00fcbermittelt. Dies sind u.\u202fa.:<\/p><ul data-start=\"1450\" data-end=\"1613\"><li data-start=\"1450\" data-end=\"1464\"><p data-start=\"1452\" data-end=\"1464\">IP-Adresse<\/p><\/li><li data-start=\"1465\" data-end=\"1498\"><p data-start=\"1467\" data-end=\"1498\">Browsertyp und Browserversion<\/p><\/li><li data-start=\"1499\" data-end=\"1529\"><p data-start=\"1501\" data-end=\"1529\">Verwendetes Betriebssystem<\/p><\/li><li data-start=\"1530\" data-end=\"1546\"><p data-start=\"1532\" data-end=\"1546\">Referrer-URL<\/p><\/li><li data-start=\"1547\" data-end=\"1585\"><p data-start=\"1549\" data-end=\"1585\">Hostname des zugreifenden Rechners<\/p><\/li><li data-start=\"1586\" data-end=\"1613\"><p data-start=\"1588\" data-end=\"1613\">Uhrzeit der Serveranfrage<\/p><\/li><\/ul><p data-start=\"1615\" data-end=\"1752\">Diese Daten sind nicht bestimmten Personen zuordenbar. Eine Zusammenf\u00fchrung dieser Daten mit anderen Datenquellen wird nicht vorgenommen.<\/p><h4 data-start=\"1754\" data-end=\"1791\">4. Cookies &amp; Cookie-Management<\/h4><p data-start=\"1792\" data-end=\"1963\">Unsere Webseite verwendet Cookies. Dabei handelt es sich um kleine Textdateien, die auf Ihrem Endger\u00e4t gespeichert werden und u.\u202fa. zur Funktionalit\u00e4t der Seite beitragen.<\/p><p data-start=\"1965\" data-end=\"2143\">Beim Besuch unserer Webseite wird Ihnen ein Cookie-Banner des Dienstes <strong data-start=\"2036\" data-end=\"2049\">CookieYes<\/strong> angezeigt, \u00fcber das Sie Ihre Zustimmung zur Verwendung bestimmter Cookies verwalten k\u00f6nnen.<\/p><p data-start=\"2145\" data-end=\"2207\"><strong data-start=\"2145\" data-end=\"2165\">Rechtsgrundlage:<\/strong> Art. 6 Abs. 1 lit. a DSGVO (Einwilligung)<\/p><h4 data-start=\"2209\" data-end=\"2250\">5. Webanalyse mit Google Analytics<\/h4><p data-start=\"2251\" data-end=\"2514\">Diese Website nutzt Funktionen des Webanalysedienstes <strong data-start=\"2305\" data-end=\"2325\">Google Analytics<\/strong>, betrieben von Google Ireland Limited (Gordon House, Barrow Street, Dublin 4, Irland). Google Analytics verwendet Cookies, die eine Analyse der Benutzung der Website durch Sie erm\u00f6glichen.<\/p><p data-start=\"2516\" data-end=\"2776\">Die durch Cookies erzeugten Informationen \u00fcber Ihre Benutzung dieser Website werden in der Regel an einen Server von Google in den USA \u00fcbertragen und dort gespeichert. Ihre IP-Adresse wird jedoch vor der \u00dcbermittlung anonymisiert (IP-Anonymisierung aktiviert).<\/p><p data-start=\"2778\" data-end=\"2938\"><strong data-start=\"2778\" data-end=\"2798\">Rechtsgrundlage:<\/strong> Ihre Einwilligung gem. Art. 6 Abs. 1 lit. a DSGVO<br data-start=\"2848\" data-end=\"2851\" \/><strong data-start=\"2851\" data-end=\"2864\">Widerruf:<\/strong> Sie k\u00f6nnen Ihre Einwilligung jederzeit \u00fcber den Cookie-Banner widerrufen.<\/p><h4 data-start=\"2940\" data-end=\"2965\">6. Kontaktformular<\/h4><p data-start=\"2966\" data-end=\"3195\">Wenn Sie uns \u00fcber ein Kontaktformular kontaktieren, werden Ihre Angaben (Name, E-Mail, Nachricht) zwecks Bearbeitung Ihrer Anfrage und f\u00fcr den Fall von Anschlussfragen bei uns gespeichert. Eine Weitergabe an Dritte erfolgt nicht.<\/p><p data-start=\"3197\" data-end=\"3271\"><strong data-start=\"3197\" data-end=\"3217\">Rechtsgrundlage:<\/strong> Art. 6 Abs. 1 lit. b DSGVO (vorvertragliche Ma\u00dfnahme)<\/p><h4 data-start=\"3273\" data-end=\"3307\">7. Newsletter (via WPForms)<\/h4><p data-start=\"3308\" data-end=\"3555\">Wenn Sie unseren Newsletter abonnieren, verwenden wir Ihre E-Mail-Adresse, um Ihnen regelm\u00e4\u00dfig Informationen zu senden. Die Anmeldung erfolgt \u00fcber ein Double-Opt-in-Verfahren. Ihre Daten werden ausschlie\u00dflich zum Versand des Newsletters verwendet.<\/p><p data-start=\"3557\" data-end=\"3627\"><strong data-start=\"3557\" data-end=\"3577\">Rechtsgrundlage:<\/strong> Ihre Einwilligung gem. Art. 6 Abs. 1 lit. a DSGVO<\/p><h4 data-start=\"3629\" data-end=\"3665\">8. Einbindung von Drittinhalten<\/h4><h5 data-start=\"3667\" data-end=\"3685\">a) YouTube<\/h5><p data-start=\"3686\" data-end=\"3912\">Unsere Webseite nutzt Plugins der von Google betriebenen Seite YouTube. Betreiber ist Google Ireland Limited. Beim Besuch einer Seite mit eingebettetem YouTube-Video wird eine Verbindung zu den Servern von YouTube hergestellt.<\/p><p data-start=\"3914\" data-end=\"3976\"><strong data-start=\"3914\" data-end=\"3934\">Rechtsgrundlage:<\/strong> Art. 6 Abs. 1 lit. a DSGVO (Einwilligung)<\/p><h5 data-start=\"3978\" data-end=\"4000\">b) Google Maps<\/h5><p data-start=\"4001\" data-end=\"4263\">Diese Webseite verwendet Google Maps zur Darstellung interaktiver Karten. Beim Aufruf wird Ihre IP-Adresse an Google \u00fcbertragen. Die Nutzung von Google Maps erfolgt im Interesse einer ansprechenden Darstellung und zur leichteren Auffindbarkeit unseres Standorts.<\/p><p data-start=\"4265\" data-end=\"4327\"><strong data-start=\"4265\" data-end=\"4285\">Rechtsgrundlage:<\/strong> Art. 6 Abs. 1 lit. a DSGVO (Einwilligung)<\/p><h5 data-start=\"4329\" data-end=\"4349\">c) Instagram<\/h5><p data-start=\"4350\" data-end=\"4568\">Auf unserer Website sind Funktionen des Dienstes Instagram eingebunden. Anbieter ist Meta Platforms Ireland Ltd. Beim Aufruf einer Seite mit einem Instagram-Plugin wird eine Verbindung zu Instagram-Servern hergestellt.<\/p><p data-start=\"4570\" data-end=\"4617\"><strong data-start=\"4570\" data-end=\"4590\">Rechtsgrundlage:<\/strong> Art. 6 Abs. 1 lit. a DSGVO<\/p><h4 data-start=\"4619\" data-end=\"4664\">9. Plugins: Elementor &amp; TranslatePress<\/h4><p data-start=\"4665\" data-end=\"4983\">Wir nutzen das WordPress-Plugin <strong data-start=\"4697\" data-end=\"4710\">Elementor<\/strong> zur Gestaltung und Darstellung der Inhalte sowie <strong data-start=\"4760\" data-end=\"4778\">TranslatePress<\/strong> zur Mehrsprachigkeit unserer Seite. Beide Plugins arbeiten lokal auf dem Server und speichern keine personenbezogenen Daten an externe Dritte, es sei denn, dies geschieht im Rahmen oben genannter Dienste.<\/p><h4 data-start=\"4985\" data-end=\"5007\">10. Ihre Rechte<\/h4><p data-start=\"5008\" data-end=\"5042\">Sie haben jederzeit das Recht auf:<\/p><ul data-start=\"5044\" data-end=\"5339\"><li data-start=\"5044\" data-end=\"5102\"><p data-start=\"5046\" data-end=\"5102\">Auskunft \u00fcber Ihre gespeicherten Daten (Art. 15 DSGVO)<\/p><\/li><li data-start=\"5103\" data-end=\"5153\"><p data-start=\"5105\" data-end=\"5153\">Berichtigung unrichtiger Daten (Art. 16 DSGVO)<\/p><\/li><li data-start=\"5154\" data-end=\"5194\"><p data-start=\"5156\" data-end=\"5194\">L\u00f6schung Ihrer Daten (Art. 17 DSGVO)<\/p><\/li><li data-start=\"5195\" data-end=\"5245\"><p data-start=\"5197\" data-end=\"5245\">Einschr\u00e4nkung der Verarbeitung (Art. 18 DSGVO)<\/p><\/li><li data-start=\"5246\" data-end=\"5300\"><p data-start=\"5248\" data-end=\"5300\">Widerspruch gegen die Verarbeitung (Art. 21 DSGVO)<\/p><\/li><li data-start=\"5301\" data-end=\"5339\"><p data-start=\"5303\" data-end=\"5339\">Daten\u00fcbertragbarkeit (Art. 20 DSGVO)<\/p><\/li><\/ul><p data-start=\"5341\" data-end=\"5393\">Bitte wenden Sie sich hierzu an <a class=\"cursor-pointer\" rel=\"noopener\" data-start=\"5373\" data-end=\"5392\">info@chargemount.de<\/a>.<\/p><h4 data-start=\"5395\" data-end=\"5446\">11. Beschwerderecht bei der Aufsichtsbeh\u00f6rde<\/h4><p data-start=\"5447\" data-end=\"5642\">Wenn Sie der Ansicht sind, dass die Verarbeitung Ihrer personenbezogenen Daten rechtswidrig erfolgt, haben Sie das Recht, sich bei einer Datenschutzaufsichtsbeh\u00f6rde zu beschweren (Art. 77 DSGVO).<\/p><h4 data-start=\"5644\" data-end=\"5693\">12. \u00c4nderungen dieser Datenschutzerkl\u00e4rung<\/h4><p data-start=\"5694\" data-end=\"5905\">Wir behalten uns vor, diese Datenschutzerkl\u00e4rung anzupassen, um sie aktuellen rechtlichen Anforderungen oder \u00c4nderungen unserer Dienste anzupassen. Die jeweils aktuelle Version finden Sie stets auf dieser Seite.<\/p><p data-start=\"3819\" data-end=\"4083\">\u00a0<\/p>\t\t\t\t\t\t\t\t<\/div>\n\t\t\t\t<\/div>\n\t\t\t\t<\/div>\n\t\t\t\t\t<\/div>\n\t\t\t\t<\/div>\n\t\t\t\t<\/div>","protected":false},"excerpt":{"rendered":"<p>Datenschutzerkl\u00e4rung 1. Allgemeine Hinweise Der Schutz Ihrer personenbezogenen Daten ist uns ein besonderes Anliegen. Wir behandeln Ihre personenbezogenen Daten vertraulich und entsprechend der gesetzlichen Datenschutzvorschriften sowie dieser Datenschutzerkl\u00e4rung. Die Nutzung unserer Webseite ist in der Regel ohne Angabe personenbezogener Daten m\u00f6glich. Soweit auf unseren Seiten personenbezogene Daten erhoben werden (z.\u202fB. \u00fcber Kontaktformulare), erfolgt dies stets [&hellip;]<\/p>\n","protected":false},"author":2,"featured_media":0,"parent":0,"menu_order":0,"comment_status":"closed","ping_status":"closed","template":"","meta":{"footnotes":""},"class_list":["post-1880","page","type-page","status-publish","hentry"],"aioseo_notices":[],"_links":{"self":[{"href":"https:\/\/www.chargemount.de\/en\/wp-json\/wp\/v2\/pages\/1880","targetHints":{"allow":["GET"]}}],"collection":[{"href":"https:\/\/www.chargemount.de\/en\/wp-json\/wp\/v2\/pages"}],"about":[{"href":"https:\/\/www.chargemount.de\/en\/wp-json\/wp\/v2\/types\/page"}],"author":[{"embeddable":true,"href":"https:\/\/www.chargemount.de\/en\/wp-json\/wp\/v2\/users\/2"}],"replies":[{"embeddable":true,"href":"https:\/\/www.chargemount.de\/en\/wp-json\/wp\/v2\/comments?post=1880"}],"version-history":[{"count":20,"href":"https:\/\/www.chargemount.de\/en\/wp-json\/wp\/v2\/pages\/1880\/revisions"}],"predecessor-version":[{"id":4024,"href":"https:\/\/www.chargemount.de\/en\/wp-json\/wp\/v2\/pages\/1880\/revisions\/4024"}],"wp:attachment":[{"href":"https:\/\/www.chargemount.de\/en\/wp-json\/wp\/v2\/media?parent=1880"}],"curies":[{"name":"wp","href":"https:\/\/api.w.org\/{rel}","templated":true}]}}