{"id":1878,"date":"2025-06-22T14:16:59","date_gmt":"2025-06-22T14:16:59","guid":{"rendered":"https:\/\/www.chargemount.de\/?page_id=1878"},"modified":"2025-10-04T19:54:13","modified_gmt":"2025-10-04T19:54:13","slug":"impressum","status":"publish","type":"page","link":"https:\/\/www.chargemount.de\/en\/impressum\/","title":{"rendered":"Imprint"},"content":{"rendered":"<div data-elementor-type=\"wp-page\" data-elementor-id=\"1878\" class=\"elementor elementor-1878\" data-elementor-post-type=\"page\">\n\t\t\t\t<div class=\"elementor-element elementor-element-c1ec9c5 e-flex e-con-boxed e-con e-parent\" data-id=\"c1ec9c5\" data-element_type=\"container\" data-e-type=\"container\">\n\t\t\t\t\t<div class=\"e-con-inner\">\n\t\t<div class=\"elementor-element elementor-element-0219ea3 e-con-full e-flex e-con e-child\" data-id=\"0219ea3\" data-element_type=\"container\" data-e-type=\"container\">\n\t\t\t\t<div class=\"elementor-element elementor-element-e320587 elementor-widget__width-inherit elementor-widget elementor-widget-text-editor\" data-id=\"e320587\" data-element_type=\"widget\" data-e-type=\"widget\" data-widget_type=\"text-editor.default\">\n\t\t\t\t<div class=\"elementor-widget-container\">\n\t\t\t\t\t\t\t\t\t<p data-start=\"149\" data-end=\"186\"><strong data-start=\"149\" data-end=\"162\">Imprint<\/strong><br data-start=\"162\" data-end=\"165\" \/>Angaben gem\u00e4\u00df \u00a7 5 TMG<\/p><p data-start=\"188\" data-end=\"270\"><strong data-start=\"188\" data-end=\"214\">Thei\u00dfen Metallbau GmbH<\/strong><br data-start=\"214\" data-end=\"217\" \/>D\u00fcsseldorfer Stra\u00dfe 100<br data-start=\"240\" data-end=\"243\" \/>47809 Krefeld<br data-start=\"256\" data-end=\"259\" \/>Deutschland<\/p><p data-start=\"272\" data-end=\"341\"><strong data-start=\"272\" data-end=\"292\">Vertreten durch:<\/strong><br data-start=\"292\" data-end=\"295\" \/>Gesch\u00e4ftsf\u00fchrender Gesellschafter: Tim Hubbert<\/p><p data-start=\"343\" data-end=\"561\"><strong data-start=\"343\" data-end=\"355\">Contact:<\/strong><br data-start=\"355\" data-end=\"358\" \/>Phone: +49 (0) 2151 4455631<br data-start=\"387\" data-end=\"390\" \/>Mobil: +49 (0) 177 8500 183<br data-start=\"417\" data-end=\"420\" \/>E-Mail: <a class=\"\" href=\"mailto:chargemount@theissen.com\" target=\"_blank\" rel=\"noopener\" data-start=\"428\" data-end=\"487\">chargemount@theissen.com<\/a><br data-start=\"487\" data-end=\"490\" \/>Website: <a class=\"\" href=\"https:\/\/www.theissen-metallbau.de\/\" target=\"_new\" rel=\"noopener\" data-start=\"499\" data-end=\"561\">www.theissen-metallbau.de<\/a><\/p><p data-start=\"563\" data-end=\"683\"><strong data-start=\"563\" data-end=\"583\">Registereintrag:<\/strong><br data-start=\"583\" data-end=\"586\" \/>Eintragung im Handelsregister.<br data-start=\"616\" data-end=\"619\" \/>Registergericht: Amtsgericht Krefeld<br data-start=\"655\" data-end=\"658\" \/>Registernummer: HRB 20785<\/p><p data-start=\"685\" data-end=\"793\"><strong data-start=\"685\" data-end=\"705\">Umsatzsteuer-ID:<\/strong><br data-start=\"705\" data-end=\"708\" \/>Umsatzsteuer-Identifikationsnummer gem\u00e4\u00df \u00a7 27 a Umsatzsteuergesetz:<br data-start=\"775\" data-end=\"778\" \/><strong data-start=\"778\" data-end=\"793\">DE450951431<\/strong><\/p><p data-start=\"795\" data-end=\"828\"><strong data-start=\"795\" data-end=\"812\">Steuernummer:<\/strong><br data-start=\"812\" data-end=\"815\" \/>117\/5838\/3347<\/p>\t\t\t\t\t\t\t\t<\/div>\n\t\t\t\t<\/div>\n\t\t\t\t<\/div>\n\t\t\t\t\t<\/div>\n\t\t\t\t<\/div>\n\t\t\t\t<\/div>","protected":false},"excerpt":{"rendered":"<p>ImpressumAngaben gem\u00e4\u00df \u00a7 5 TMG Thei\u00dfen Metallbau GmbHD\u00fcsseldorfer Stra\u00dfe 10047809 KrefeldDeutschland Vertreten durch:Gesch\u00e4ftsf\u00fchrender Gesellschafter: Tim Hubbert Kontakt:Telefon: +49 (0) 2151 4455631Mobil: +49 (0) 177 8500 183E-Mail: chargemount@theissen.comWebsite: www.theissen-metallbau.de Registereintrag:Eintragung im Handelsregister.Registergericht: Amtsgericht KrefeldRegisternummer: HRB 20785 Umsatzsteuer-ID:Umsatzsteuer-Identifikationsnummer gem\u00e4\u00df \u00a7 27 a Umsatzsteuergesetz:DE450951431 Steuernummer:117\/5838\/3347 [gzd_complaints]<\/p>\n","protected":false},"author":2,"featured_media":0,"parent":0,"menu_order":0,"comment_status":"closed","ping_status":"closed","template":"","meta":{"footnotes":""},"class_list":["post-1878","page","type-page","status-publish","hentry"],"aioseo_notices":[],"_links":{"self":[{"href":"https:\/\/www.chargemount.de\/en\/wp-json\/wp\/v2\/pages\/1878","targetHints":{"allow":["GET"]}}],"collection":[{"href":"https:\/\/www.chargemount.de\/en\/wp-json\/wp\/v2\/pages"}],"about":[{"href":"https:\/\/www.chargemount.de\/en\/wp-json\/wp\/v2\/types\/page"}],"author":[{"embeddable":true,"href":"https:\/\/www.chargemount.de\/en\/wp-json\/wp\/v2\/users\/2"}],"replies":[{"embeddable":true,"href":"https:\/\/www.chargemount.de\/en\/wp-json\/wp\/v2\/comments?post=1878"}],"version-history":[{"count":11,"href":"https:\/\/www.chargemount.de\/en\/wp-json\/wp\/v2\/pages\/1878\/revisions"}],"predecessor-version":[{"id":4011,"href":"https:\/\/www.chargemount.de\/en\/wp-json\/wp\/v2\/pages\/1878\/revisions\/4011"}],"wp:attachment":[{"href":"https:\/\/www.chargemount.de\/en\/wp-json\/wp\/v2\/media?parent=1878"}],"curies":[{"name":"wp","href":"https:\/\/api.w.org\/{rel}","templated":true}]}}